{"id":14045,"date":"2015-01-27T13:54:39","date_gmt":"2015-01-27T13:54:39","guid":{"rendered":"http:\/\/localhost\/themes\/unicon\/?page_id=14045"},"modified":"2021-05-04T01:46:52","modified_gmt":"2021-05-03T23:46:52","slug":"home-new","status":"publish","type":"page","link":"https:\/\/butterfly-rks.com\/","title":{"rendered":"Home: New"},"content":{"rendered":"<p>[vc_row type=&#8221;full_width_section&#8221;][vc_column width=&#8221;1\/1&#8243;][rev_slider_vc alias=&#8221;home&#8221;][\/vc_column][\/vc_row][vc_row bg_color=&#8221;#ffffff&#8221; text_align=&#8221;center&#8221; top_padding=&#8221;100&#8243; bottom_padding=&#8221;100&#8243;][vc_column width=&#8221;1\/1&#8243;]<div class=\"single_image wpb_content_element align-center    \" data-animation=\"none\" data-delay=\"0\"><img width=\"1054\" height=\"315\" src=\"https:\/\/butterfly-rks.com\/wp-content\/uploads\/2021\/04\/highlight4-1.png\" class=\"attachment-full\" alt=\"\" loading=\"lazy\" srcset=\"https:\/\/butterfly-rks.com\/wp-content\/uploads\/2021\/04\/highlight4-1.png 1054w, https:\/\/butterfly-rks.com\/wp-content\/uploads\/2021\/04\/highlight4-1-300x90.png 300w, https:\/\/butterfly-rks.com\/wp-content\/uploads\/2021\/04\/highlight4-1-1024x306.png 1024w, https:\/\/butterfly-rks.com\/wp-content\/uploads\/2021\/04\/highlight4-1-768x230.png 768w\" sizes=\"(max-width: 1054px) 100vw, 1054px\" \/><\/div><h3 class=\"headline font-special fontsize-l fontweight-700 lh-inherit align-center transform-uppercase \" style=\"margin: 0 0 20px 0;\">T\u00eb lehta porsi flutur!<\/h3>[vc_column_text]Peceta me veprim t\u00eb dyfisht\u00eb dhe arom\u00eb diskrete. Fuqi extra thith\u00ebse, me mbules\u00eb t\u00eb dizejnuar ve\u00e7ant\u00eb p\u00ebr thithjen e lag\u00ebshtis\u00eb, t\u00eb cil\u00ebn e mban brenda, duke siguruar that\u00ebsin\u00eb e duhur. T\u00eb testuara gjinekologjikisht.[\/vc_column_text]<a href=\"http:\/\/butterfly-rks.com\/?page_id=15684\" target=\"_self\" class=\"button button-appear color-3 medium \" style=\"border-radius: 2px;\"><span>Shiko Produktet<i class='fa fa-chevron-right'><\/i><\/span><\/a>[\/vc_column][\/vc_row][vc_row bg_color=&#8221;#222222&#8243; text_color=&#8221;light&#8221; top_padding=&#8221;100&#8243; bottom_padding=&#8221;100&#8243; bg_position=&#8221;left top&#8221;][vc_column width=&#8221;1\/2&#8243;][vc_column_text]<\/p>\n<h6>NE MENDOJM\u00cb P\u00cbR JU<\/h6>\n<p>Q\u00ebllimi yn\u00eb primar \u00ebsht\u00eb p\u00ebrmbushja e nevojave tuaja, duke ju ofruar produkte t\u00eb higjien\u00ebs personale t\u00eb cil\u00ebsis\u00eb s\u00eb lart\u00eb\u00a0n\u00eb t\u00eb cilat ju mund t\u00eb besoni me nj\u00eb sh\u00ebrbim korrekt ndaj jush.[\/vc_column_text][\/vc_column][vc_column width=&#8221;1\/2&#8243;]<div class=\"progress-title clearfix\">CIL\u00cbSI<span>100%<\/span><\/div><div class=\"progressbar\" data-perc=\"100\"><div class=\"progress-percentage\" style=\"background: #a970bd !important;\"><\/div><\/div><div class=\"progress-title clearfix\">BESUESHM\u00cbRI<span>100%<\/span><\/div><div class=\"progressbar\" data-perc=\"100\"><div class=\"progress-percentage\" style=\"background: #a970bd !important;\"><\/div><\/div><div class=\"progress-title clearfix\">KORREKT\u00cbSI<span>100%<\/span><\/div><div class=\"progressbar\" data-perc=\"100\"><div class=\"progress-percentage\" style=\"background: #a970bd !important;\"><\/div><\/div>[\/vc_column][\/vc_row][vc_row bg_color=&#8221;#a970bd&#8221; text_color=&#8221;light&#8221; top_padding=&#8221;50&#8243; bottom_padding=&#8221;40&#8243; bg_position=&#8221;left top&#8221;][vc_column width=&#8221;1\/4&#8243;]<div class=\"counter clearfix wpb_content_element\"><div class=\"counter-number\" style=\"color: #ffffff !important;\">5<\/div><span class=\"counter-title\">Brende<\/span><\/div>[\/vc_column][vc_column width=&#8221;1\/4&#8243;]<div class=\"counter clearfix wpb_content_element\"><div class=\"counter-number\" style=\"color: #ffffff !important;\">23<\/div><span class=\"counter-title\">Produkte<\/span><\/div>[\/vc_column][vc_column width=&#8221;1\/4&#8243;]<div class=\"counter clearfix wpb_content_element\"><div class=\"counter-number\" style=\"color: #ffffff !important;\">2000<\/div><span class=\"counter-title\">Bler\u00ebs<\/span><\/div>[\/vc_column][vc_column width=&#8221;1\/4&#8243;]<div class=\"counter clearfix wpb_content_element\"><div class=\"counter-number\" style=\"color: #ffffff !important;\">13<\/div><span class=\"counter-title\">Vite Eksperienc\u00eb<\/span><\/div>[\/vc_column][\/vc_row][vc_row bg_color=&#8221;#ffffff&#8221; text_align=&#8221;center&#8221; top_padding=&#8221;100&#8243; bottom_padding=&#8221;100&#8243;][vc_column width=&#8221;1\/1&#8243;]<div class=\"single_image wpb_content_element align-center    \" data-animation=\"none\" data-delay=\"0\"><img width=\"1054\" height=\"315\" src=\"https:\/\/butterfly-rks.com\/wp-content\/uploads\/2021\/04\/highlight5.png\" class=\"attachment-full\" alt=\"\" loading=\"lazy\" srcset=\"https:\/\/butterfly-rks.com\/wp-content\/uploads\/2021\/04\/highlight5.png 1054w, https:\/\/butterfly-rks.com\/wp-content\/uploads\/2021\/04\/highlight5-300x90.png 300w, https:\/\/butterfly-rks.com\/wp-content\/uploads\/2021\/04\/highlight5-1024x306.png 1024w, https:\/\/butterfly-rks.com\/wp-content\/uploads\/2021\/04\/highlight5-768x230.png 768w\" sizes=\"(max-width: 1054px) 100vw, 1054px\" \/><\/div><h3 class=\"headline font-special fontsize-l fontweight-700 lh-inherit align-center transform-uppercase \" style=\"margin: 0 0 20px 0;\">M\u00eb e mira p\u00ebr Beb\u00ebn tuaj!<\/h3>[vc_column_text]Pelenat p\u00ebr f\u00ebmij\u00eb m\u00eb t\u00eb d\u00ebshiruarat n\u00eb tregun ton\u00eb, Pelenat Nina, duke p\u00ebrdorur vet\u00ebm materialet m\u00eb cil\u00ebsor\u00eb,\u00a0n\u00eb m\u00ebnyr\u00eb q\u00eb produkti final p\u00ebr f\u00ebmij\u00ebt tuaj t\u00eb jet\u00eb i kualitetit m\u00eb t\u00eb lart\u00eb.[\/vc_column_text]<a href=\"http:\/\/butterfly-rks.com\/?page_id=15686\" target=\"_self\" class=\"button button-appear color-3 medium \" style=\"border-radius: 2px;\"><span>Shiko Produktet<i class='fa fa-chevron-right'><\/i><\/span><\/a>[\/vc_column][\/vc_row][vc_row bg_image=&#8221;15437&#8243; parallax_bg=&#8221;true&#8221; bg_color=&#8221;#333333&#8243; text_color=&#8221;light&#8221; text_align=&#8221;center&#8221; top_padding=&#8221;120&#8243; bottom_padding=&#8221;120&#8243;][vc_column width=&#8221;1\/1&#8243;]<h3 class=\"headline font-special fontsize-l fontweight-700 lh-inherit align-center transform-uppercase \" style=\"margin: 0 0 20px 0;\">Rreth Butterfly<\/h3>[vc_column_text]Sh.P.K Butterfly \u00ebsht\u00eb themeluar n\u00eb vitin 2008 n\u00eb Ferizaj si nj\u00eb kompani e vog\u00ebl, me kalimin e viteve jemi rritur si kompani ku synimi i kompanis ton\u00eb ka qen\u00eb q\u00eb konsumatorit ti ofroj\u00eb cil\u00ebsi dhe korrekt\u00ebsi t\u00eb produkteve.<\/p>\n<p>Butterfly \u00ebsht\u00eb kompani distribuese e produkteve t\u00eb higjienes p\u00ebrsonale.<\/p>\n<p>Butterfly ka n\u00eb pron\u00ebsi t\u00eb vet\u00ebn brend\u00ebt e mir\u00ebnjohura: Pelen\u00ebn p\u00ebr f\u00ebmij\u00eb &#8220;NINA&#8221;, Letr\u00ebn e lagur p\u00ebr f\u00ebmij\u00eb &#8220;BUTTERFLY&#8221; si dhe vatat higjienike t\u00eb ciklit dhe ditore &#8220;BUTTERFLY&#8221; dhe &#8220;EVERY DAY&#8221;.<\/p>\n<p>Kompania jon\u00eb \u00ebsht\u00eb p\u00ebrfaq\u00ebsuese ekskluzive e k\u00ebtyre brendeve: &#8220;FRESH&#8221; (Letra t\u00eb lagura, Salveta dekorative me ngjyra dhe dizajne, Faculeta t\u00eb xhepit, Shkopinj\u00eb p\u00ebr vesh, Shampon p\u00ebr flok\u00eb, Sapuna t\u00eb l\u00ebnget dhe t\u00eb ngurt\u00eb dhe Krema p\u00ebr duar p\u00ebr t\u00eb rritur dhe f\u00ebmij\u00eb). &#8220;ZANA&#8221; (\u00c7orapa t\u00eb shkurta dhe unihope p\u00ebr femra Safir dhe Rubin, unihope p\u00ebr f\u00ebmij\u00eb Fly dhe Kindy)<\/p>\n<p>Ne jemi prezent n\u00eb t\u00eb gjitha rrjetet e Marketeve t\u00eb m\u00ebdha t\u00eb mesme dhe t\u00eb vogla q\u00eb operojn\u00eb n\u00eb tregun e Republikes s\u00eb Kosov\u00ebs, kurse vatat higjenike Butterfly mund ti gjeni edhe n\u00eb tregun e Shqip\u00ebris\u00eb. Agjentet tan\u00eb jan\u00eb prezent n\u00eb t\u00ebr\u00eb territorin e Republik\u00ebs s\u00eb Kosov\u00ebs dhe mund t\u00eb ju vizitojn\u00eb n\u00eb koh\u00eb pasi t\u00eb na keni kontaktuar.[\/vc_column_text]<a href=\"http:\/\/butterfly-rks.com\/?page_id=5687\" target=\"_self\" class=\"button button-appear color-3 medium \" style=\"border-radius: 2px;\"><span>M\u00ebso m\u00eb shum\u00eb<i class='fa fa-chevron-right'><\/i><\/span><\/a>[\/vc_column][\/vc_row][vc_row top_padding=&#8221;100&#8243; bottom_padding=&#8221;100&#8243; bg_position=&#8221;left top&#8221;][vc_column width=&#8221;1\/2&#8243;]<div class=\"iconbox  wpb_content_element iconbox-style-2 icon-color-greyscale color-dark clearfix\"><div class=\"iconbox-icon\"><i class=\"fa sl-heart boxicon\" style=\"\"><\/i><\/div><div class=\"iconbox-content\"><h3>PRODHIM<\/h3><p>Butterfly prodhon brend\u00ebt e mir\u00ebnjohura si Pelenat p\u00ebr f\u00ebmij\u00eb NINA, letrat e lagura p\u00ebr f\u00ebmij\u00eb BUTTERFLY dhe vatat higjienike t\u00eb ciklit dhe ditore BUTTERFLY dhe EVERYDAY.<\/p>\n<a href=\"http:\/\/butterfly-rks.com\/?page_id=12749\" target=\"_self\" class=\"button color-9 small \" style=\"border-radius: 2px;\"><i class='fa fa-caret-right'><\/i>Shiko Produktet<\/a><\/p><\/div><\/div>[\/vc_column][vc_column width=&#8221;1\/2&#8243;]<div class=\"iconbox  wpb_content_element iconbox-style-2 icon-color-greyscale color-dark clearfix\"><div class=\"iconbox-icon\"><i class=\"fa sl-paper-plane boxicon\" style=\"\"><\/i><\/div><div class=\"iconbox-content\"><h3>DISTRIBUIM<\/h3><p>Butterfly \u00ebsht\u00eb p\u00ebrfaq\u00ebsuese ekzkluzive e produkteve t\u00eb higjien\u00ebs t\u00eb brendit FRESH, \u00e7orapet edhe unihopet p\u00ebr femra si dhe unihopet p\u00ebr f\u00ebmij\u00eb t\u00eb brendit ZANA.<\/p>\n<a href=\"http:\/\/butterfly-rks.com\/?page_id=15652\" target=\"_self\" class=\"button color-9 small \" style=\"border-radius: 2px;\"><i class='fa fa-caret-right'><\/i>Shiko Produktet<\/a><\/p><\/div><\/div>[\/vc_column][\/vc_row][vc_row type=&#8221;full_width_section&#8221; text_align=&#8221;center&#8221;][vc_column bg_color=&#8221;#f7f7f7&#8243; column_padding=&#8221;padding-5&#8243; column_center=&#8221;true&#8221; width=&#8221;1\/1&#8243;]<h3 class=\"headline font-special fontsize-l fontweight-700 lh-inherit align-center transform-uppercase \" style=\"margin: 0 0 20px 0;\">Kontakto me ne<\/h3><div class=\"iconbox  wpb_content_element iconbox-style-3 icon-color-accent color-dark\"><i class=\"fa fa-phone boxicon\" style=\"\"><\/i><h3><\/h3><p>+383 49 931 270<br \/>\nbutterfly.kosova@gmail.com<br \/>\nZona Industriale, Shtime, Kosov\u00eb<\/p><\/div>[\/vc_column][\/vc_row][vc_row top_padding=&#8221;100&#8243; bottom_padding=&#8221;100&#8243;][vc_column width=&#8221;1\/1&#8243;]<h3 class=\"headline font-special fontsize-l fontweight-700 lh-inherit align-center transform-uppercase \" style=\"margin: 0 0 20px 0;\">Qfar\u00eb thon\u00eb klient\u00ebt tan\u00eb<\/h3><div class=\"testimonial-slider-wrap wpb_content_element\"><div class=\"testimonial-slide\">E ku ka m\u00eb mir\u00eb se produktet vendore t\u00eb kualitetit t\u00eb lart\u00eb!<span>&#45; Blerina<\/span><\/div><div class=\"testimonial-slide\">I besoj plot\u00ebsisht pelenave Nina p\u00ebr beb\u00ebn time!<span>&#45; Anita<\/span><\/div><div class=\"testimonial-slide\">Super cil\u00ebsi! Me t\u00eb v\u00ebrtet se ndjeh\u00ebm mir\u00eb!<span>&#45; Linda<\/span><\/div><\/div>[\/vc_column][\/vc_row]<\/p>\n","protected":false},"excerpt":{"rendered":"<p>[vc_row type=&#8221;full_width_section&#8221;][vc_column width=&#8221;1\/1&#8243;][rev_slider_vc alias=&#8221;home&#8221;][\/vc_column][\/vc_row][vc_row bg_color=&#8221;#ffffff&#8221; text_align=&#8221;center&#8221; top_padding=&#8221;100&#8243; bottom_padding=&#8221;100&#8243;][vc_column width=&#8221;1\/1&#8243;][vc_column_text]Peceta me veprim t\u00eb dyfisht\u00eb dhe arom\u00eb diskrete. Fuqi extra thith\u00ebse, me mbules\u00eb t\u00eb dizejnuar ve\u00e7ant\u00eb p\u00ebr thithjen e lag\u00ebshtis\u00eb, t\u00eb cil\u00ebn e mban brenda, duke siguruar that\u00ebsin\u00eb e duhur. T\u00eb testuara gjinekologjikisht.[\/vc_column_text][\/vc_column][\/vc_row][vc_row bg_color=&#8221;#222222&#8243; text_color=&#8221;light&#8221; top_padding=&#8221;100&#8243; bottom_padding=&#8221;100&#8243; bg_position=&#8221;left top&#8221;][vc_column width=&#8221;1\/2&#8243;][vc_column_text] NE MENDOJM\u00cb P\u00cbR JU Q\u00ebllimi yn\u00eb primar \u00ebsht\u00eb p\u00ebrmbushja e nevojave tuaja, duke ju ofruar produkte t\u00eb higjien\u00ebs personale t\u00eb cil\u00ebsis\u00eb s\u00eb lart\u00eb\u00a0n\u00eb t\u00eb cilat ju mund t\u00eb besoni me nj\u00eb sh\u00ebrbim korrekt ndaj jush.[\/vc_column_text][\/vc_column][vc_column width=&#8221;1\/2&#8243;][\/vc_column][\/vc_row][vc_row bg_color=&#8221;#a970bd&#8221; text_color=&#8221;light&#8221; top_padding=&#8221;50&#8243; bottom_padding=&#8221;40&#8243; bg_position=&#8221;left top&#8221;][vc_column width=&#8221;1\/4&#8243;][\/vc_column][vc_column width=&#8221;1\/4&#8243;][\/vc_column][vc_column width=&#8221;1\/4&#8243;][\/vc_column][vc_column width=&#8221;1\/4&#8243;][\/vc_column][\/vc_row][vc_row bg_color=&#8221;#ffffff&#8221; text_align=&#8221;center&#8221; top_padding=&#8221;100&#8243; bottom_padding=&#8221;100&#8243;][vc_column width=&#8221;1\/1&#8243;][vc_column_text]Pelenat p\u00ebr f\u00ebmij\u00eb m\u00eb t\u00eb d\u00ebshiruarat n\u00eb tregun ton\u00eb, Pelenat Nina, duke p\u00ebrdorur vet\u00ebm materialet m\u00eb cil\u00ebsor\u00eb,\u00a0n\u00eb m\u00ebnyr\u00eb q\u00eb produkti final p\u00ebr f\u00ebmij\u00ebt tuaj t\u00eb jet\u00eb i kualitetit m\u00eb t\u00eb lart\u00eb.[\/vc_column_text][\/vc_column][\/vc_row][vc_row bg_image=&#8221;15437&#8243; parallax_bg=&#8221;true&#8221; bg_color=&#8221;#333333&#8243; text_color=&#8221;light&#8221; text_align=&#8221;center&#8221; top_padding=&#8221;120&#8243; bottom_padding=&#8221;120&#8243;][vc_column width=&#8221;1\/1&#8243;][vc_column_text]Sh.P.K Butterfly \u00ebsht\u00eb themeluar n\u00eb vitin 2008 n\u00eb Ferizaj si nj\u00eb kompani e vog\u00ebl, me kalimin e viteve jemi rritur si kompani ku synimi i kompanis ton\u00eb ka qen\u00eb q\u00eb konsumatorit ti ofroj\u00eb cil\u00ebsi dhe korrekt\u00ebsi t\u00eb produkteve. Butterfly \u00ebsht\u00eb kompani distribuese e produkteve t\u00eb higjienes p\u00ebrsonale. Butterfly ka n\u00eb pron\u00ebsi t\u00eb vet\u00ebn brend\u00ebt e mir\u00ebnjohura: Pelen\u00ebn p\u00ebr f\u00ebmij\u00eb &#8220;NINA&#8221;, Letr\u00ebn e lagur p\u00ebr [&hellip;]<\/p>\n","protected":false},"author":1,"featured_media":0,"parent":419,"menu_order":0,"comment_status":"open","ping_status":"open","template":"","meta":[],"_links":{"self":[{"href":"https:\/\/butterfly-rks.com\/index.php?rest_route=\/wp\/v2\/pages\/14045"}],"collection":[{"href":"https:\/\/butterfly-rks.com\/index.php?rest_route=\/wp\/v2\/pages"}],"about":[{"href":"https:\/\/butterfly-rks.com\/index.php?rest_route=\/wp\/v2\/types\/page"}],"author":[{"embeddable":true,"href":"https:\/\/butterfly-rks.com\/index.php?rest_route=\/wp\/v2\/users\/1"}],"replies":[{"embeddable":true,"href":"https:\/\/butterfly-rks.com\/index.php?rest_route=%2Fwp%2Fv2%2Fcomments&post=14045"}],"version-history":[{"count":36,"href":"https:\/\/butterfly-rks.com\/index.php?rest_route=\/wp\/v2\/pages\/14045\/revisions"}],"predecessor-version":[{"id":15866,"href":"https:\/\/butterfly-rks.com\/index.php?rest_route=\/wp\/v2\/pages\/14045\/revisions\/15866"}],"up":[{"embeddable":true,"href":"https:\/\/butterfly-rks.com\/index.php?rest_route=\/wp\/v2\/pages\/419"}],"wp:attachment":[{"href":"https:\/\/butterfly-rks.com\/index.php?rest_route=%2Fwp%2Fv2%2Fmedia&parent=14045"}],"curies":[{"name":"wp","href":"https:\/\/api.w.org\/{rel}","templated":true}]}}