{"id":15652,"date":"2021-04-25T00:33:17","date_gmt":"2021-04-24T22:33:17","guid":{"rendered":"http:\/\/butterfly-rks.com\/?page_id=15652"},"modified":"2021-05-06T12:18:07","modified_gmt":"2021-05-06T10:18:07","slug":"distribuim","status":"publish","type":"page","link":"https:\/\/butterfly-rks.com\/?page_id=15652","title":{"rendered":"Distribuim"},"content":{"rendered":"<p>[vc_row bg_color=&#8221;#a970bd&#8221; top_padding=&#8221;100&#8243; bottom_padding=&#8221;100&#8243;][vc_column width=&#8221;1\/1&#8243;]<h1 class=\"headline font-inherit fontsize-xxxxxl fontweight-300 lh-13 align-left transform-inherit \" style=\"margin: 0 0 40px 0; color: #ffffff;\">Distribuim<\/h1><div class=\"headline font-inherit fontsize-l fontweight-300 lh-inherit align-left transform-inherit \" style=\"margin: 0; color: #ffffff;\">Butterfly \u00ebsht\u00eb p\u00ebrfaq\u00ebsuese ekzkluzive e produkteve t\u00eb higjien\u00ebs t\u00eb brendit FRESH, \u00e7orapet edhe unihopet p\u00ebr femra si dhe unihopet p\u00ebr f\u00ebmij\u00eb t\u00eb brendit ZANA.<\/div>[\/vc_column][\/vc_row][vc_row top_padding=&#8221;100&#8243; bottom_padding=&#8221;100&#8243; bg_position=&#8221;left top&#8221;][vc_column width=&#8221;1\/3&#8243;]<div class=\"single_image wpb_content_element align-center   image_zoom \" data-animation=\"none\" data-delay=\"0\"><a href=\"http:\/\/butterfly-rks.com\/?page_id=15706\" target=\"_self\"><img class=\"\" src=\"https:\/\/butterfly-rks.com\/wp-content\/uploads\/2021\/04\/fresh-logo-290x290.png\" width=\"290\" height=\"290\" alt=\"fresh logo\" title=\"fresh logo\" \/><\/a><\/div>[\/vc_column][vc_column width=&#8221;1\/3&#8243;]<div class=\"single_image wpb_content_element align-center   image_zoom \" data-animation=\"none\" data-delay=\"0\"><a href=\"http:\/\/butterfly-rks.com\/?page_id=15879\" target=\"_self\"><img class=\"\" src=\"https:\/\/butterfly-rks.com\/wp-content\/uploads\/2021\/04\/zana-logo-290x290.png\" width=\"290\" height=\"290\" alt=\"zana logo\" title=\"zana logo\" \/><\/a><\/div>[\/vc_column][vc_column width=&#8221;1\/3&#8243;]<div class=\"single_image wpb_content_element align-center   image_zoom \" data-animation=\"none\" data-delay=\"0\"><a href=\"http:\/\/butterfly-rks.com\/?page_id=15860\" target=\"_self\"><img width=\"269\" height=\"269\" src=\"https:\/\/butterfly-rks.com\/wp-content\/uploads\/2021\/05\/perfekt-logo.png\" class=\"attachment-full\" alt=\"\" loading=\"lazy\" srcset=\"https:\/\/butterfly-rks.com\/wp-content\/uploads\/2021\/05\/perfekt-logo.png 269w, https:\/\/butterfly-rks.com\/wp-content\/uploads\/2021\/05\/perfekt-logo-150x150.png 150w, https:\/\/butterfly-rks.com\/wp-content\/uploads\/2021\/05\/perfekt-logo-80x80.png 80w\" sizes=\"(max-width: 269px) 100vw, 269px\" \/><\/a><\/div>[\/vc_column][\/vc_row][vc_row bg_image=&#8221;15869&#8243; top_padding=&#8221;200&#8243; bottom_padding=&#8221;200&#8243;][vc_column width=&#8221;1\/1&#8243;]<a href=\"#\" target=\"_self\" class=\"button color-3 full \" style=\"border-radius: 2px;\">Peceta t\u00eb lagura<\/a>[\/vc_column][\/vc_row][vc_row bg_image=&#8221;15871&#8243; top_padding=&#8221;200&#8243; bottom_padding=&#8221;200&#8243;][vc_column width=&#8221;1\/1&#8243;]<a href=\"#\" target=\"_self\" class=\"button color-3 full \" style=\"border-radius: 2px;\">Shampon &amp; Sapun<\/a>[\/vc_column][\/vc_row][vc_row bg_image=&#8221;15677&#8243; top_padding=&#8221;200&#8243; bottom_padding=&#8221;200&#8243;][vc_column width=&#8221;1\/1&#8243;]<a href=\"#\" target=\"_self\" class=\"button color-3 full \" style=\"border-radius: 2px;\">Faculeta<\/a>[\/vc_column][\/vc_row][vc_row bg_image=&#8221;15872&#8243; top_padding=&#8221;200&#8243; bottom_padding=&#8221;200&#8243;][vc_column width=&#8221;1\/1&#8243;]<a href=\"#\" target=\"_self\" class=\"button color-3 full \" style=\"border-radius: 2px;\">Produkte p\u00ebr Femra<\/a>[\/vc_column][\/vc_row][vc_row bg_image=&#8221;15682&#8243; top_padding=&#8221;200&#8243; bottom_padding=&#8221;200&#8243;][vc_column width=&#8221;1\/1&#8243;]<a href=\"#\" target=\"_self\" class=\"button color-3 full \" style=\"border-radius: 2px;\">Kozmetik\u00eb<\/a>[\/vc_column][\/vc_row][vc_row type=&#8221;full_width_section&#8221; bg_position=&#8221;left top&#8221;][vc_column width=&#8221;1\/1&#8243;]<div class=\"callout clearfix\" style=\"background-color:#a970bd; color:#ffffff;\">\n\t\t<div class=\"callout-text\">Kontakto me ne!<\/div>\n\t\t\t<div class=\"callout-button\"><a class=\"button medium color-8\" href=\"http:\/\/butterfly-rks.com\/?page_id=5050\" target=\"_self\">Kontakto<\/a><\/div>\n\t\t<\/div>[\/vc_column][\/vc_row]<\/p>\n","protected":false},"excerpt":{"rendered":"<p>[vc_row bg_color=&#8221;#a970bd&#8221; top_padding=&#8221;100&#8243; bottom_padding=&#8221;100&#8243;][vc_column width=&#8221;1\/1&#8243;][\/vc_column][\/vc_row][vc_row top_padding=&#8221;100&#8243; bottom_padding=&#8221;100&#8243; bg_position=&#8221;left top&#8221;][vc_column width=&#8221;1\/3&#8243;][\/vc_column][vc_column width=&#8221;1\/3&#8243;][\/vc_column][vc_column width=&#8221;1\/3&#8243;][\/vc_column][\/vc_row][vc_row bg_image=&#8221;15869&#8243; top_padding=&#8221;200&#8243; bottom_padding=&#8221;200&#8243;][vc_column width=&#8221;1\/1&#8243;][\/vc_column][\/vc_row][vc_row bg_image=&#8221;15871&#8243; top_padding=&#8221;200&#8243; bottom_padding=&#8221;200&#8243;][vc_column width=&#8221;1\/1&#8243;][\/vc_column][\/vc_row][vc_row bg_image=&#8221;15677&#8243; top_padding=&#8221;200&#8243; bottom_padding=&#8221;200&#8243;][vc_column width=&#8221;1\/1&#8243;][\/vc_column][\/vc_row][vc_row bg_image=&#8221;15872&#8243; top_padding=&#8221;200&#8243; bottom_padding=&#8221;200&#8243;][vc_column width=&#8221;1\/1&#8243;][\/vc_column][\/vc_row][vc_row bg_image=&#8221;15682&#8243; top_padding=&#8221;200&#8243; bottom_padding=&#8221;200&#8243;][vc_column width=&#8221;1\/1&#8243;][\/vc_column][\/vc_row][vc_row type=&#8221;full_width_section&#8221; bg_position=&#8221;left top&#8221;][vc_column width=&#8221;1\/1&#8243;][\/vc_column][\/vc_row]<\/p>\n","protected":false},"author":1,"featured_media":0,"parent":3182,"menu_order":0,"comment_status":"open","ping_status":"open","template":"","meta":[],"_links":{"self":[{"href":"https:\/\/butterfly-rks.com\/index.php?rest_route=\/wp\/v2\/pages\/15652"}],"collection":[{"href":"https:\/\/butterfly-rks.com\/index.php?rest_route=\/wp\/v2\/pages"}],"about":[{"href":"https:\/\/butterfly-rks.com\/index.php?rest_route=\/wp\/v2\/types\/page"}],"author":[{"embeddable":true,"href":"https:\/\/butterfly-rks.com\/index.php?rest_route=\/wp\/v2\/users\/1"}],"replies":[{"embeddable":true,"href":"https:\/\/butterfly-rks.com\/index.php?rest_route=%2Fwp%2Fv2%2Fcomments&post=15652"}],"version-history":[{"count":11,"href":"https:\/\/butterfly-rks.com\/index.php?rest_route=\/wp\/v2\/pages\/15652\/revisions"}],"predecessor-version":[{"id":15881,"href":"https:\/\/butterfly-rks.com\/index.php?rest_route=\/wp\/v2\/pages\/15652\/revisions\/15881"}],"up":[{"embeddable":true,"href":"https:\/\/butterfly-rks.com\/index.php?rest_route=\/wp\/v2\/pages\/3182"}],"wp:attachment":[{"href":"https:\/\/butterfly-rks.com\/index.php?rest_route=%2Fwp%2Fv2%2Fmedia&parent=15652"}],"curies":[{"name":"wp","href":"https:\/\/api.w.org\/{rel}","templated":true}]}}